{"id":132,"date":"2022-03-10T12:33:56","date_gmt":"2022-03-10T12:33:56","guid":{"rendered":"https:\/\/demo.kanthemes.com.tr\/geoit\/gezi\/?page_id=132"},"modified":"2022-11-30T15:16:06","modified_gmt":"2022-11-30T15:16:06","slug":"anasayfa","status":"publish","type":"page","link":"https:\/\/demo.kanthemes.com.tr\/geoit\/gezi\/","title":{"rendered":"Anasayfa"},"content":{"rendered":"<p>[vc_row full_width=&#8221;stretch_row&#8221; css=&#8221;.vc_custom_1646921700875{margin-top: -25px !important;padding-top: 40px !important;padding-bottom: 25px !important;background-image: url(https:\/\/demo.kanthemes.com.tr\/geoit\/gezi\/wp-content\/uploads\/2022\/03\/landing-img-49.png?id=184) !important;background-position: 0 0 !important;background-repeat: repeat !important;}&#8221;][vc_column][kan_vc_featured_posts number_post=&#8221;5&#8243; offset=&#8221;0&#8243; v_position=&#8221;top&#8221; h_position=&#8221;left&#8221;][vc_empty_space][vc_row_inner content_placement=&#8221;middle&#8221;][vc_column_inner width=&#8221;2\/3&#8243;][vc_text_separator title=&#8221;HAKKIMDA&#8221; i_type=&#8221;typicons&#8221; i_icon_typicons=&#8221;typcn typcn-world&#8221; i_color=&#8221;custom&#8221; i_size=&#8221;sm&#8221; add_icon=&#8221;true&#8221; css=&#8221;.vc_custom_1646918694400{margin-bottom: -15px !important;}&#8221; i_custom_color=&#8221;#59815b&#8221;][vc_custom_heading text=&#8221;Macera Dolu Hikayelerim&#8221; font_container=&#8221;tag:h2|font_size:2.25rem|text_align:center&#8221; css=&#8221;.vc_custom_1646918568270{margin-bottom: 20px !important;}&#8221;][vc_column_text]<\/p>\n<p style=\"font-size: 15px; text-align: center;\">Lorem Ipsum is simply dummy text of the printing and typesetting industry. Lorem Ipsum has been the industry&#8217;s standard dummy text ever since the 1500s, when an unknown printer took a galley of type and scrambled it to make a type specimen book.<\/p>\n<p style=\"font-size: 15px; text-align: center;\">It has survived not only five centuries, but also the leap into electronic typesetting, remaining essentially unchanged. It was popularised in the 1960s with the release of Letraset sheets containing Lorem Ipsum passages, and more recently with desktop publishing software like Aldus PageMaker including versions of Lorem Ipsum.<\/p>\n<p>[\/vc_column_text][vc_btn title=&#8221;Detayl\u0131 Bilgi&#8221; style=&#8221;gradient-custom&#8221; gradient_custom_color_1=&#8221;#59815b&#8221; gradient_custom_color_2=&#8221;#4a6d5d&#8221; shape=&#8221;round&#8221; align=&#8221;center&#8221; i_type=&#8221;typicons&#8221; i_icon_typicons=&#8221;typcn typcn-flash&#8221; button_block=&#8221;true&#8221; add_icon=&#8221;true&#8221; link=&#8221;url:https%3A%2F%2Fdemo.kanthemes.com.tr%2Fgeoit%2Fgezi%2Fhakkimda%2F|title:Hakk%C4%B1mda&#8221;][\/vc_column_inner][vc_column_inner width=&#8221;1\/3&#8243; offset=&#8221;vc_hidden-sm vc_hidden-xs&#8221;][vc_single_image image=&#8221;160&#8243; img_size=&#8221;large&#8221;][\/vc_column_inner][\/vc_row_inner][vc_row_inner][vc_column_inner width=&#8221;1\/6&#8243; offset=&#8221;vc_col-xs-4&#8243;][vc_single_image image=&#8221;139&#8243; alignment=&#8221;center&#8221; css=&#8221;.vc_custom_1646917879196{margin-bottom: 0px !important;}&#8221;][\/vc_column_inner][vc_column_inner width=&#8221;1\/6&#8243; offset=&#8221;vc_col-xs-4&#8243;][vc_single_image image=&#8221;141&#8243; alignment=&#8221;center&#8221; css=&#8221;.vc_custom_1646917872642{margin-bottom: 0px !important;}&#8221;][\/vc_column_inner][vc_column_inner width=&#8221;1\/6&#8243; offset=&#8221;vc_col-xs-4&#8243;][vc_single_image image=&#8221;140&#8243; alignment=&#8221;center&#8221; css=&#8221;.vc_custom_1646917867819{margin-bottom: 0px !important;}&#8221;][\/vc_column_inner][vc_column_inner width=&#8221;1\/6&#8243; offset=&#8221;vc_col-xs-4&#8243;][vc_single_image image=&#8221;143&#8243; alignment=&#8221;center&#8221; css=&#8221;.vc_custom_1646917863395{margin-bottom: 0px !important;}&#8221;][\/vc_column_inner][vc_column_inner width=&#8221;1\/6&#8243; offset=&#8221;vc_col-xs-4&#8243;][vc_single_image image=&#8221;142&#8243; alignment=&#8221;center&#8221; css=&#8221;.vc_custom_1646917856762{margin-bottom: 0px !important;}&#8221;][\/vc_column_inner][vc_column_inner width=&#8221;1\/6&#8243; offset=&#8221;vc_col-xs-4&#8243;][vc_single_image image=&#8221;139&#8243; img_size=&#8221;full&#8221; alignment=&#8221;center&#8221; css=&#8221;.vc_custom_1646917851120{margin-bottom: 0px !important;}&#8221;][\/vc_column_inner][\/vc_row_inner][\/vc_column][\/vc_row][vc_row][vc_column width=&#8221;1\/4&#8243;]\r\n  <div id=\"geoit-image-box-1\" class=\"geoit-category-images-wrapper geoit-category-images-overlay-yes geoit-category-images-style6\">\r\n    <div class=\"geoit-category-image\">\r\n              <a class=\"uckan-card--url\" href=\"#\"><\/a>            \r\n              <img loading=\"lazy\" decoding=\"async\" width=\"2000\" height=\"1500\" src=\"data:image\/png;base64,iVBORw0KGgoAAAANSUhEUgAAAAIAAAABCAQAAABeK7cBAAAAC0lEQVR42mNkAAIAAAoAAv\/lxKUAAAAASUVORK5CYII=\" class=\"attachment-full size-full geo-lazy\" alt=\"pexels-photo-725255\" data-src=\"https:\/\/demo.kanthemes.com.tr\/geoit\/gezi\/wp-content\/uploads\/2018\/12\/pexels-photo-725255.jpeg\" \/>        \r\n              <div class=\"geoit-category-image-content\">\r\n          <div class=\"go3elk51\">\r\n                          <h5>Avrupa Macelar\u0131m<\/h5>\r\n                                      <div class=\"geoit-category-image-content-text\">Lorem Ipsum, dizgi ve bask\u0131 end\u00fcstrisinde kullan\u0131lan m\u0131g\u0131r metinlerdir.<\/div>\r\n                      <\/div>\r\n                      <div class=\"geoit-category-image-view-all\">G\u00f6r\u00fcnt\u00fcle<\/div>\r\n                  <\/div>\r\n          <\/div>\r\n  <\/div>\r\n\r\n  <style scoped type=\"text\/css\"> #geoit-image-box-1 .geoit-category-image img{object-fit:cover;height:100%}#geoit-image-box-1 .geoit-category-image{height:375px}#geoit-image-box-1 .geoit-category-image-content-text{color:rgba(255,255,255,0.69)}<\/style>[vc_empty_space][\/vc_column][vc_column width=&#8221;1\/4&#8243;]\r\n  <div id=\"geoit-image-box-2\" class=\"geoit-category-images-wrapper geoit-category-images-overlay-yes geoit-category-images-style6\">\r\n    <div class=\"geoit-category-image\">\r\n              <a class=\"uckan-card--url\" href=\"#\"><\/a>            \r\n              <img loading=\"lazy\" decoding=\"async\" width=\"2250\" height=\"1500\" src=\"data:image\/png;base64,iVBORw0KGgoAAAANSUhEUgAAAAIAAAABCAQAAABeK7cBAAAAC0lEQVR42mNkAAIAAAoAAv\/lxKUAAAAASUVORK5CYII=\" class=\"attachment-full size-full geo-lazy\" alt=\"pexels-photo-1091725\" data-src=\"https:\/\/demo.kanthemes.com.tr\/geoit\/gezi\/wp-content\/uploads\/2018\/12\/pexels-photo-1091725.jpeg\" \/>        \r\n              <div class=\"geoit-category-image-content\">\r\n          <div class=\"go3elk51\">\r\n                          <h5>T\u00fcrkiye Macelar\u0131m<\/h5>\r\n                                      <div class=\"geoit-category-image-content-text\">Lorem Ipsum, dizgi ve bask\u0131 end\u00fcstrisinde kullan\u0131lan m\u0131g\u0131r metinlerdir.<\/div>\r\n                      <\/div>\r\n                      <div class=\"geoit-category-image-view-all\">G\u00f6r\u00fcnt\u00fcle<\/div>\r\n                  <\/div>\r\n          <\/div>\r\n  <\/div>\r\n\r\n  <style scoped type=\"text\/css\"> #geoit-image-box-2 .geoit-category-image img{object-fit:cover;height:100%}#geoit-image-box-2 .geoit-category-image{height:375px}#geoit-image-box-2 .geoit-category-image-content-text{color:rgba(255,255,255,0.68)}<\/style>[vc_empty_space][\/vc_column][vc_column width=&#8221;1\/4&#8243;]\r\n  <div id=\"geoit-image-box-3\" class=\"geoit-category-images-wrapper geoit-category-images-overlay-yes geoit-category-images-style6\">\r\n    <div class=\"geoit-category-image\">\r\n              <a class=\"uckan-card--url\" href=\"#\"><\/a>            \r\n              <img loading=\"lazy\" decoding=\"async\" width=\"2231\" height=\"1500\" src=\"data:image\/png;base64,iVBORw0KGgoAAAANSUhEUgAAAAIAAAABCAQAAABeK7cBAAAAC0lEQVR42mNkAAIAAAoAAv\/lxKUAAAAASUVORK5CYII=\" class=\"attachment-full size-full geo-lazy\" alt=\"pexels-photo-934718\" data-src=\"https:\/\/demo.kanthemes.com.tr\/geoit\/gezi\/wp-content\/uploads\/2018\/12\/pexels-photo-934718.jpeg\" \/>        \r\n              <div class=\"geoit-category-image-content\">\r\n          <div class=\"go3elk51\">\r\n                          <h5>Afrika Turumdan Notlar<\/h5>\r\n                                      <div class=\"geoit-category-image-content-text\">Lorem Ipsum, dizgi ve bask\u0131 end\u00fcstrisinde kullan\u0131lan m\u0131g\u0131r metinlerdir.<\/div>\r\n                      <\/div>\r\n                      <div class=\"geoit-category-image-view-all\">G\u00f6r\u00fcnt\u00fcle<\/div>\r\n                  <\/div>\r\n          <\/div>\r\n  <\/div>\r\n\r\n  <style scoped type=\"text\/css\"> #geoit-image-box-3 .geoit-category-image img{object-fit:cover;height:100%}#geoit-image-box-3 .geoit-category-image{height:375px}#geoit-image-box-3 .geoit-category-image-content-text{color:rgba(255,255,255,0.68)}<\/style>[vc_empty_space][\/vc_column][vc_column width=&#8221;1\/4&#8243;]\r\n  <div id=\"geoit-image-box-4\" class=\"geoit-category-images-wrapper geoit-category-images-overlay-yes geoit-category-images-style6\">\r\n    <div class=\"geoit-category-image\">\r\n              <a class=\"uckan-card--url\" href=\"#\"><\/a>            \r\n              <img loading=\"lazy\" decoding=\"async\" width=\"2250\" height=\"1500\" src=\"data:image\/png;base64,iVBORw0KGgoAAAANSUhEUgAAAAIAAAABCAQAAABeK7cBAAAAC0lEQVR42mNkAAIAAAoAAv\/lxKUAAAAASUVORK5CYII=\" class=\"attachment-full size-full geo-lazy\" alt=\"pexels-photo-248159\" data-src=\"https:\/\/demo.kanthemes.com.tr\/geoit\/gezi\/wp-content\/uploads\/2018\/12\/pexels-photo-248159.jpeg\" \/>        \r\n              <div class=\"geoit-category-image-content\">\r\n          <div class=\"go3elk51\">\r\n                          <h5>Amerika Gezilerimden Notlar<\/h5>\r\n                                      <div class=\"geoit-category-image-content-text\">Lorem Ipsum, dizgi ve bask\u0131 end\u00fcstrisinde kullan\u0131lan m\u0131g\u0131r metinlerdir.<\/div>\r\n                      <\/div>\r\n                      <div class=\"geoit-category-image-view-all\">G\u00f6r\u00fcnt\u00fcle<\/div>\r\n                  <\/div>\r\n          <\/div>\r\n  <\/div>\r\n\r\n  <style scoped type=\"text\/css\"> #geoit-image-box-4 .geoit-category-image img{object-fit:cover;height:100%}#geoit-image-box-4 .geoit-category-image{height:375px}#geoit-image-box-4 .geoit-category-image-content-text{color:rgba(255,255,255,0.68)}<\/style>[vc_empty_space][\/vc_column][\/vc_row][vc_row][vc_column width=&#8221;2\/3&#8243;][vc_row_inner][vc_column_inner][kan_vc_recent_posts style=&#8221;blog-big&#8221; title_style=&#8221;&#8221; number_post=&#8221;5&#8243; offset=&#8221;0&#8243; title_size=&#8221;32&#8243; title_lineh=&#8221;42&#8243;][\/vc_column_inner][\/vc_row_inner][\/vc_column][vc_column width=&#8221;1\/3&#8243; kan_sticky_sidebar=&#8221;yes&#8221; kan_set_as_sidebar=&#8221;yes&#8221;][vc_widget_sidebar sidebar_id=&#8221;Sidebar&#8221;][\/vc_column][\/vc_row]<\/p>\n","protected":false},"excerpt":{"rendered":"<p>[vc_row full_width=&#8221;stretch_row&#8221; css=&#8221;.vc_custom_1646921700875{margin-top: -25px !important;padding-top: 40px !important;padding-bottom: 25px !important;background-image: url(https:\/\/demo.kanthemes.com.tr\/geoit\/gezi\/wp-content\/uploads\/2022\/03\/landing-img-49.png?id=184) !important;background-position: 0 0 !important;background-repeat: repeat !important;}&#8221;][vc_column][kan_vc_featured_posts number_post=&#8221;5&#8243; offset=&#8221;0&#8243; v_position=&#8221;top&#8221; h_position=&#8221;left&#8221;][vc_empty_space][vc_row_inner&#46;&#46;&#46;<\/p>\n","protected":false},"author":1,"featured_media":0,"parent":0,"menu_order":0,"comment_status":"closed","ping_status":"closed","template":"temp\/template-vc.php","meta":{"footnotes":""},"class_list":["post-132","page","type-page","status-publish","hentry"],"_links":{"self":[{"href":"https:\/\/demo.kanthemes.com.tr\/geoit\/gezi\/wp-json\/wp\/v2\/pages\/132","targetHints":{"allow":["GET"]}}],"collection":[{"href":"https:\/\/demo.kanthemes.com.tr\/geoit\/gezi\/wp-json\/wp\/v2\/pages"}],"about":[{"href":"https:\/\/demo.kanthemes.com.tr\/geoit\/gezi\/wp-json\/wp\/v2\/types\/page"}],"author":[{"embeddable":true,"href":"https:\/\/demo.kanthemes.com.tr\/geoit\/gezi\/wp-json\/wp\/v2\/users\/1"}],"replies":[{"embeddable":true,"href":"https:\/\/demo.kanthemes.com.tr\/geoit\/gezi\/wp-json\/wp\/v2\/comments?post=132"}],"version-history":[{"count":52,"href":"https:\/\/demo.kanthemes.com.tr\/geoit\/gezi\/wp-json\/wp\/v2\/pages\/132\/revisions"}],"predecessor-version":[{"id":307,"href":"https:\/\/demo.kanthemes.com.tr\/geoit\/gezi\/wp-json\/wp\/v2\/pages\/132\/revisions\/307"}],"wp:attachment":[{"href":"https:\/\/demo.kanthemes.com.tr\/geoit\/gezi\/wp-json\/wp\/v2\/media?parent=132"}],"curies":[{"name":"wp","href":"https:\/\/api.w.org\/{rel}","templated":true}]}}