{"id":300,"date":"2022-11-24T19:51:38","date_gmt":"2022-11-24T19:51:38","guid":{"rendered":"https:\/\/demo.kanthemes.com.tr\/geoit\/kurumsal\/?page_id=300"},"modified":"2022-11-25T19:34:17","modified_gmt":"2022-11-25T19:34:17","slug":"hakkimizda","status":"publish","type":"page","link":"https:\/\/demo.kanthemes.com.tr\/geoit\/kurumsal\/hakkimizda\/","title":{"rendered":"Hakk\u0131m\u0131zda"},"content":{"rendered":"<div class=\"wpb-content-wrapper\"><p>[vc_row full_width=&#8221;stretch_row&#8221; css=&#8221;.vc_custom_1669404262617{margin-top: -30px !important;margin-bottom: 70px !important;padding-top: 50px !important;padding-bottom: 50px !important;background: #0a0a0a url(https:\/\/demo.kanthemes.com.tr\/geoit\/kurumsal\/wp-content\/uploads\/2022\/11\/work-bg.webp?id=346) !important;background-position: 0 0 !important;background-repeat: repeat !important;}&#8221;][vc_column][vc_custom_heading text=&#8221;Hakk\u0131m\u0131zda&#8221; font_container=&#8221;tag:h1|text_align:left|color:%23ffffff&#8221; css=&#8221;.vc_custom_1669404336869{margin-bottom: 0px !important;}&#8221;][vc_column_text el_class=&#8221;vc_breadcrumb&#8221; css=&#8221;.vc_custom_1669404720339{margin-bottom: 0px !important;}&#8221;]<\/p>\n<ol class=\"geo_breadcrumb\">\n<li class=\"root\"><a href=\"https:\/\/demo.kanthemes.com.tr\/geoit\/kurumsal\/\">Ana Sayfa<\/a><\/li>\n<li><span style=\"color: #ffffff;\"><a style=\"color: #ffffff;\" href=\"#\">Hakk\u0131m\u0131zda<\/a><\/span><\/li>\n<\/ol>\n<p>[\/vc_column_text][\/vc_column][\/vc_row][vc_row content_placement=&#8221;middle&#8221;][vc_column width=&#8221;1\/2&#8243; offset=&#8221;vc_hidden-xs&#8221; css=&#8221;.vc_custom_1669320907812{padding-right: 50px !important;}&#8221;][vc_single_image image=&#8221;239&#8243; img_size=&#8221;full&#8221; css=&#8221;.vc_custom_1669236218050{margin-bottom: 0px !important;}&#8221;][\/vc_column][vc_column width=&#8221;1\/2&#8243;][vc_custom_heading text=&#8221;M\u00fc\u015fterilerimizin hayat\u0131n\u0131<br \/>\nkolayla\u015ft\u0131racak \u00e7\u00f6z\u00fcmler \u00fcretiyoruz.&#8221; font_container=&#8221;tag:h2|font_size:2.5rem|text_align:left|line_height:1.3&#8243;][vc_empty_space height=&#8221;15px&#8221;][vc_custom_heading text=&#8221;Lorem Ipsum, dizgi ve bask\u0131 end\u00fcstrisinde kullan\u0131lan m\u0131g\u0131r metinlerdir. Lorem Ipsum, 1500&#8217;lerden beri end\u00fcstri standard\u0131 sahte metinler olarak kullan\u0131lm\u0131\u015ft\u0131r.&#8221; font_container=&#8221;tag:p|font_size:16px|text_align:left|color:%23666666&#8243;][vc_empty_space][vc_row_inner css=&#8221;.vc_custom_1669320930794{padding-right: 50px !important;}&#8221;][vc_column_inner width=&#8221;1\/3&#8243; offset=&#8221;vc_hidden-md vc_hidden-sm vc_hidden-xs&#8221;][vc_pie value=&#8221;80&#8243; color=&#8221;vista-blue&#8221; units=&#8221;%&#8221; title=&#8221;Zamandan Tasarruf&#8221;][\/vc_column_inner][vc_column_inner width=&#8221;1\/3&#8243; offset=&#8221;vc_hidden-md vc_hidden-sm vc_hidden-xs&#8221;][vc_pie value=&#8221;25.000&#8243; color=&#8221;purple&#8221; title=&#8221;Mutlu M\u00fc\u015fteri Say\u0131m\u0131z&#8221;][\/vc_column_inner][vc_column_inner width=&#8221;1\/3&#8243; offset=&#8221;vc_hidden-md vc_hidden-sm vc_hidden-xs&#8221;][vc_pie value=&#8221;25.000&#8243; color=&#8221;turquoise&#8221; title=&#8221;Tamamlanan Proje&#8221;][\/vc_column_inner][\/vc_row_inner][\/vc_column][\/vc_row][vc_row][vc_column][vc_empty_space height=&#8221;50px&#8221;][\/vc_column][\/vc_row][vc_row][vc_column][vc_empty_space height=&#8221;30px&#8221;][\/vc_column][\/vc_row][vc_row][vc_column width=&#8221;1\/2&#8243;][vc_icon type=&#8221;material&#8221; icon_material=&#8221;vc-material vc-material-beenhere&#8221; size=&#8221;xl&#8221; css=&#8221;.vc_custom_1669320060126{margin-bottom: 15px !important;}&#8221;][vc_custom_heading text=&#8221;Biz Kimiz?&#8221; font_container=&#8221;tag:h3|font_size:2.5rem|text_align:left|line_height:1.3&#8243;][vc_custom_heading text=&#8221;Lorem Ipsum, dizgi ve bask\u0131 end\u00fcstrisinde kullan\u0131lan m\u0131g\u0131r metinlerdir. Lorem Ipsum, 1500&#8217;lerden beri end\u00fcstri standard\u0131 sahte metinler olarak kullan\u0131lm\u0131\u015ft\u0131r.&#8221; font_container=&#8221;tag:p|font_size:1.75rem|text_align:left|color:%23474747&#8243; css=&#8221;.vc_custom_1669320146766{margin-top: 20px !important;margin-bottom: 20px !important;}&#8221;][vc_custom_heading text=&#8221;Lorem Ipsum, dizgi ve bask\u0131 end\u00fcstrisinde kullan\u0131lan m\u0131g\u0131r metinlerdir. Lorem Ipsum, 1500&#8217;lerden beri end\u00fcstri standard\u0131 sahte metinler olarak kullan\u0131lm\u0131\u015ft\u0131r.&#8221; font_container=&#8221;tag:p|font_size:16px|text_align:left|color:%23666666&#8243;][\/vc_column][vc_column width=&#8221;1\/2&#8243;][vc_single_image image=&#8221;241&#8243; img_size=&#8221;large&#8221;][\/vc_column][\/vc_row][vc_row][vc_column][vc_empty_space height=&#8221;100px&#8221;][\/vc_column][\/vc_row][vc_row rtl_reverse=&#8221;yes&#8221; content_placement=&#8221;middle&#8221;][vc_column width=&#8221;1\/2&#8243;][vc_icon type=&#8221;material&#8221; icon_material=&#8221;vc-material vc-material-free_breakfast&#8221; color=&#8221;sandy_brown&#8221; size=&#8221;xl&#8221; css=&#8221;.vc_custom_1669320683034{margin-bottom: 15px !important;}&#8221;][vc_custom_heading text=&#8221;Neden Bizi Se\u00e7melisiniz?&#8221; font_container=&#8221;tag:h3|font_size:2.5rem|text_align:left|line_height:1.3&#8243;][vc_custom_heading text=&#8221;Siz de\u011ferli m\u00fc\u015fterilerimizin bizi tercih etmesinin birka\u00e7 nedeni.&#8221; font_container=&#8221;tag:p|font_size:1.75rem|text_align:left|color:%23474747&#8243; css=&#8221;.vc_custom_1669320450819{margin-top: 20px !important;margin-bottom: 20px !important;}&#8221;][vc_tta_accordion][vc_tta_section title=&#8221;Section 1&#8243; tab_id=&#8221;1669320463688-97e451dc-6bcd&#8221;][vc_column_text]I am text block. Click edit button to change this text. Lorem ipsum dolor sit amet, consectetur adipiscing elit. Ut elit tellus, luctus nec ullamcorper mattis, pulvinar dapibus leo.[\/vc_column_text][\/vc_tta_section][vc_tta_section title=&#8221;Section 2&#8243; tab_id=&#8221;1669320463688-782ac1f9-3917&#8243;][vc_column_text]I am text block. Click edit button to change this text. Lorem ipsum dolor sit amet, consectetur adipiscing elit. Ut elit tellus, luctus nec ullamcorper mattis, pulvinar dapibus leo.[\/vc_column_text][\/vc_tta_section][\/vc_tta_accordion][\/vc_column][vc_column width=&#8221;1\/2&#8243;][vc_single_image image=&#8221;242&#8243; img_size=&#8221;large&#8221;][\/vc_column][\/vc_row][vc_row][vc_column][vc_empty_space height=&#8221;100px&#8221;][\/vc_column][\/vc_row]<\/p>\n<\/div>","protected":false},"excerpt":{"rendered":"<p>[vc_row full_width=&#8221;stretch_row&#8221; css=&#8221;.vc_custom_1669404262617{margin-top: -30px !important;margin-bottom: 70px !important;padding-top: 50px !important;padding-bottom: 50px !important;background: #0a0a0a url(https:\/\/demo.kanthemes.com.tr\/geoit\/kurumsal\/wp-content\/uploads\/2022\/11\/work-bg.webp?id=346) !important;background-position: 0&#46;&#46;&#46;<\/p>\n","protected":false},"author":1,"featured_media":0,"parent":0,"menu_order":0,"comment_status":"closed","ping_status":"closed","template":"temp\/template-vc.php","meta":{"footnotes":""},"class_list":["post-300","page","type-page","status-publish","hentry"],"_links":{"self":[{"href":"https:\/\/demo.kanthemes.com.tr\/geoit\/kurumsal\/wp-json\/wp\/v2\/pages\/300","targetHints":{"allow":["GET"]}}],"collection":[{"href":"https:\/\/demo.kanthemes.com.tr\/geoit\/kurumsal\/wp-json\/wp\/v2\/pages"}],"about":[{"href":"https:\/\/demo.kanthemes.com.tr\/geoit\/kurumsal\/wp-json\/wp\/v2\/types\/page"}],"author":[{"embeddable":true,"href":"https:\/\/demo.kanthemes.com.tr\/geoit\/kurumsal\/wp-json\/wp\/v2\/users\/1"}],"replies":[{"embeddable":true,"href":"https:\/\/demo.kanthemes.com.tr\/geoit\/kurumsal\/wp-json\/wp\/v2\/comments?post=300"}],"version-history":[{"count":24,"href":"https:\/\/demo.kanthemes.com.tr\/geoit\/kurumsal\/wp-json\/wp\/v2\/pages\/300\/revisions"}],"predecessor-version":[{"id":375,"href":"https:\/\/demo.kanthemes.com.tr\/geoit\/kurumsal\/wp-json\/wp\/v2\/pages\/300\/revisions\/375"}],"wp:attachment":[{"href":"https:\/\/demo.kanthemes.com.tr\/geoit\/kurumsal\/wp-json\/wp\/v2\/media?parent=300"}],"curies":[{"name":"wp","href":"https:\/\/api.w.org\/{rel}","templated":true}]}}