{"id":18,"date":"2023-08-01T10:55:40","date_gmt":"2023-08-01T10:55:40","guid":{"rendered":"https:\/\/demo.kanthemes.com.tr\/geoit\/qa\/?page_id=18"},"modified":"2023-08-01T10:57:13","modified_gmt":"2023-08-01T10:57:13","slug":"puan-durumu","status":"publish","type":"page","link":"https:\/\/demo.kanthemes.com.tr\/geoit\/qa\/puan-durumu\/","title":{"rendered":"Puan Durumu"},"content":{"rendered":"\n<p>Her ay\u0131n son g\u00fcn\u00fc puanlar s\u0131f\u0131rlan\u0131r ve bir sonraki ay\u0131n ba\u015f\u0131nda \u00f6d\u00fcller kazananlara g\u00f6nderilir.<\/p>\n\n\n\n<div id=\"faq-block\" class=\"uck-accordion\" itemscope itemtype=\"https:\/\/schema.org\/FAQPage\"><div id=\"faq-block-inner-0\" class=\"uck-accordion--box\" itemscope itemprop=\"mainEntity\" itemtype=\"https:\/\/schema.org\/Question\"><div class=\"uck-accordion--title\"><div class=\"uck-accordion--toggle\" data-toggle=\"faq-block-inner-0\" data-parent=\"faq-block\" itemprop=\"name\">Ay\u0131n Birincisinin \u00d6d\u00fcl\u00fc<\/div><\/div><div class=\"uck-accordion--content\" itemscope itemtype=\"https:\/\/schema.org\/Answer\" itemprop=\"acceptedAnswer\"><div class=\"uck-accordion--body\" itemprop=\"text\"><p><strong>Lorem Ipsum<\/strong>, dizgi ve bask\u0131 end\u00fcstrisinde kullan\u0131lan m\u0131g\u0131r metinlerdir. Lorem Ipsum, ad\u0131 bilinmeyen bir matbaac\u0131n\u0131n bir hurufat numune kitab\u0131 olu\u015fturmak \u00fczere bir yaz\u0131 galerisini alarak kar\u0131\u015ft\u0131rd\u0131\u011f\u0131 1500&#8217;lerden beri end\u00fcstri standard\u0131 sahte metinler olarak kullan\u0131lm\u0131\u015ft\u0131r. Be\u015fy\u00fcz y\u0131l boyunca varl\u0131\u011f\u0131n\u0131 s\u00fcrd\u00fcrmekle kalmam\u0131\u015f, ayn\u0131 zamanda pek de\u011fi\u015fmeden elektronik dizgiye de s\u0131\u00e7ram\u0131\u015ft\u0131r. 1960&#8217;larda Lorem Ipsum pasajlar\u0131 da i\u00e7eren Letraset yapraklar\u0131n\u0131n yay\u0131nlanmas\u0131 ile ve yak\u0131n zamanda Aldus PageMaker gibi Lorem Ipsum s\u00fcr\u00fcmleri i\u00e7eren masa\u00fcst\u00fc yay\u0131nc\u0131l\u0131k yaz\u0131l\u0131mlar\u0131 ile pop\u00fcler olmu\u015ftur.<\/p><\/div><\/div><\/div><div id=\"faq-block-inner-1\" class=\"uck-accordion--box\" itemscope itemprop=\"mainEntity\" itemtype=\"https:\/\/schema.org\/Question\"><div class=\"uck-accordion--title\"><div class=\"uck-accordion--toggle\" data-toggle=\"faq-block-inner-1\" data-parent=\"faq-block\" itemprop=\"name\">Ay\u0131n \u0130kincisinin \u00d6d\u00fcl\u00fc<\/div><\/div><div class=\"uck-accordion--content\" itemscope itemtype=\"https:\/\/schema.org\/Answer\" itemprop=\"acceptedAnswer\"><div class=\"uck-accordion--body\" itemprop=\"text\"><p><strong>Lorem Ipsum<\/strong>, dizgi ve bask\u0131 end\u00fcstrisinde kullan\u0131lan m\u0131g\u0131r metinlerdir. Lorem Ipsum, ad\u0131 bilinmeyen bir matbaac\u0131n\u0131n bir hurufat numune kitab\u0131 olu\u015fturmak \u00fczere bir yaz\u0131 galerisini alarak kar\u0131\u015ft\u0131rd\u0131\u011f\u0131 1500&#8217;lerden beri end\u00fcstri standard\u0131 sahte metinler olarak kullan\u0131lm\u0131\u015ft\u0131r. Be\u015fy\u00fcz y\u0131l boyunca varl\u0131\u011f\u0131n\u0131 s\u00fcrd\u00fcrmekle kalmam\u0131\u015f, ayn\u0131 zamanda pek de\u011fi\u015fmeden elektronik dizgiye de s\u0131\u00e7ram\u0131\u015ft\u0131r. 1960&#8217;larda Lorem Ipsum pasajlar\u0131 da i\u00e7eren Letraset yapraklar\u0131n\u0131n yay\u0131nlanmas\u0131 ile ve yak\u0131n zamanda Aldus PageMaker gibi Lorem Ipsum s\u00fcr\u00fcmleri i\u00e7eren masa\u00fcst\u00fc yay\u0131nc\u0131l\u0131k yaz\u0131l\u0131mlar\u0131 ile pop\u00fcler olmu\u015ftur.<\/p><\/div><\/div><\/div><div id=\"faq-block-inner-2\" class=\"uck-accordion--box\" itemscope itemprop=\"mainEntity\" itemtype=\"https:\/\/schema.org\/Question\"><div class=\"uck-accordion--title\"><div class=\"uck-accordion--toggle\" data-toggle=\"faq-block-inner-2\" data-parent=\"faq-block\" itemprop=\"name\">Ay\u0131n \u00dc\u00e7\u00fcnc\u00fcs\u00fcn\u00fcn \u00d6d\u00fcl\u00fc<\/div><\/div><div class=\"uck-accordion--content\" itemscope itemtype=\"https:\/\/schema.org\/Answer\" itemprop=\"acceptedAnswer\"><div class=\"uck-accordion--body\" itemprop=\"text\"><p><strong>Lorem Ipsum<\/strong>, dizgi ve bask\u0131 end\u00fcstrisinde kullan\u0131lan m\u0131g\u0131r metinlerdir. Lorem Ipsum, ad\u0131 bilinmeyen bir matbaac\u0131n\u0131n bir hurufat numune kitab\u0131 olu\u015fturmak \u00fczere bir yaz\u0131 galerisini alarak kar\u0131\u015ft\u0131rd\u0131\u011f\u0131 1500&#8217;lerden beri end\u00fcstri standard\u0131 sahte metinler olarak kullan\u0131lm\u0131\u015ft\u0131r. Be\u015fy\u00fcz y\u0131l boyunca varl\u0131\u011f\u0131n\u0131 s\u00fcrd\u00fcrmekle kalmam\u0131\u015f, ayn\u0131 zamanda pek de\u011fi\u015fmeden elektronik dizgiye de s\u0131\u00e7ram\u0131\u015ft\u0131r. 1960&#8217;larda Lorem Ipsum pasajlar\u0131 da i\u00e7eren Letraset yapraklar\u0131n\u0131n yay\u0131nlanmas\u0131 ile ve yak\u0131n zamanda Aldus PageMaker gibi Lorem Ipsum s\u00fcr\u00fcmleri i\u00e7eren masa\u00fcst\u00fc yay\u0131nc\u0131l\u0131k yaz\u0131l\u0131mlar\u0131 ile pop\u00fcler olmu\u015ftur.<\/p><\/div><\/div><\/div><\/div>\n","protected":false},"excerpt":{"rendered":"<p>Her ay\u0131n son g\u00fcn\u00fc puanlar s\u0131f\u0131rlan\u0131r ve bir sonraki ay\u0131n ba\u015f\u0131nda \u00f6d\u00fcller kazananlara g\u00f6nderilir.<\/p>\n","protected":false},"author":1,"featured_media":0,"parent":0,"menu_order":0,"comment_status":"closed","ping_status":"closed","template":"temp\/template-users.php","meta":{"footnotes":""},"class_list":["post-18","page","type-page","status-publish","hentry"],"_links":{"self":[{"href":"https:\/\/demo.kanthemes.com.tr\/geoit\/qa\/wp-json\/wp\/v2\/pages\/18","targetHints":{"allow":["GET"]}}],"collection":[{"href":"https:\/\/demo.kanthemes.com.tr\/geoit\/qa\/wp-json\/wp\/v2\/pages"}],"about":[{"href":"https:\/\/demo.kanthemes.com.tr\/geoit\/qa\/wp-json\/wp\/v2\/types\/page"}],"author":[{"embeddable":true,"href":"https:\/\/demo.kanthemes.com.tr\/geoit\/qa\/wp-json\/wp\/v2\/users\/1"}],"replies":[{"embeddable":true,"href":"https:\/\/demo.kanthemes.com.tr\/geoit\/qa\/wp-json\/wp\/v2\/comments?post=18"}],"version-history":[{"count":2,"href":"https:\/\/demo.kanthemes.com.tr\/geoit\/qa\/wp-json\/wp\/v2\/pages\/18\/revisions"}],"predecessor-version":[{"id":21,"href":"https:\/\/demo.kanthemes.com.tr\/geoit\/qa\/wp-json\/wp\/v2\/pages\/18\/revisions\/21"}],"wp:attachment":[{"href":"https:\/\/demo.kanthemes.com.tr\/geoit\/qa\/wp-json\/wp\/v2\/media?parent=18"}],"curies":[{"name":"wp","href":"https:\/\/api.w.org\/{rel}","templated":true}]}}