{"id":969,"date":"2023-07-29T11:39:37","date_gmt":"2023-07-29T11:39:37","guid":{"rendered":"https:\/\/demo.kanthemes.com.tr\/geoit\/teknoloji-2\/?post_type=product&#038;p=969"},"modified":"2023-07-29T11:39:37","modified_gmt":"2023-07-29T11:39:37","slug":"standart","status":"publish","type":"product","link":"https:\/\/demo.kanthemes.com.tr\/geoit\/teknoloji-2\/urun\/standart\/","title":{"rendered":"Standart"},"content":{"rendered":"<ul>\n<li>\u00dccretli t\u00fcm i\u00e7eriklere eri\u015fim<\/li>\n<li>Reklams\u0131z dola\u015f\u0131m<\/li>\n<li>H\u0131zl\u0131 Destek<\/li>\n<li>VIP \u00dcyelik<\/li>\n<\/ul>\n","protected":false},"excerpt":{"rendered":"<p>Standart pakete abone olarak hem sitemize katk\u0131da bulunan hem de premium faydalardan yararlan\u0131n.<\/p>\n","protected":false},"featured_media":0,"comment_status":"open","ping_status":"closed","template":"","meta":{"_bbp_topic_count":0,"_bbp_reply_count":0,"_bbp_total_topic_count":0,"_bbp_total_reply_count":0,"_bbp_voice_count":0,"_bbp_anonymous_reply_count":0,"_bbp_topic_count_hidden":0,"_bbp_reply_count_hidden":0,"_bbp_forum_subforum_count":0},"product_cat":[23],"product_tag":[],"class_list":["post-969","product","type-product","status-publish","hentry","product_cat-genel"],"_links":{"self":[{"href":"https:\/\/demo.kanthemes.com.tr\/geoit\/teknoloji-2\/wp-json\/wp\/v2\/product\/969","targetHints":{"allow":["GET"]}}],"collection":[{"href":"https:\/\/demo.kanthemes.com.tr\/geoit\/teknoloji-2\/wp-json\/wp\/v2\/product"}],"about":[{"href":"https:\/\/demo.kanthemes.com.tr\/geoit\/teknoloji-2\/wp-json\/wp\/v2\/types\/product"}],"replies":[{"embeddable":true,"href":"https:\/\/demo.kanthemes.com.tr\/geoit\/teknoloji-2\/wp-json\/wp\/v2\/comments?post=969"}],"wp:attachment":[{"href":"https:\/\/demo.kanthemes.com.tr\/geoit\/teknoloji-2\/wp-json\/wp\/v2\/media?parent=969"}],"wp:term":[{"taxonomy":"product_cat","embeddable":true,"href":"https:\/\/demo.kanthemes.com.tr\/geoit\/teknoloji-2\/wp-json\/wp\/v2\/product_cat?post=969"},{"taxonomy":"product_tag","embeddable":true,"href":"https:\/\/demo.kanthemes.com.tr\/geoit\/teknoloji-2\/wp-json\/wp\/v2\/product_tag?post=969"}],"curies":[{"name":"wp","href":"https:\/\/api.w.org\/{rel}","templated":true}]}}