{"id":599,"date":"2020-11-19T23:24:13","date_gmt":"2020-11-19T20:24:13","guid":{"rendered":"https:\/\/demo.kanthemes.com.tr\/geoit\/?page_id=599"},"modified":"2020-11-19T23:24:13","modified_gmt":"2020-11-19T20:24:13","slug":"uyelik","status":"publish","type":"page","link":"https:\/\/demo.kanthemes.com.tr\/geoit\/uyelik\/","title":{"rendered":"Onayl\u0131 \u00dcyelik"},"content":{"rendered":"\n<p>Onayl\u0131 \u00fcyelerimize \u00f6zel olarak haz\u0131rlad\u0131\u011f\u0131m\u0131z i\u00e7eriklerimize eri\u015febilmek i\u00e7in onayl\u0131 \u00fcye olmal\u0131s\u0131n\u0131z. Peki nas\u0131l onayl\u0131 \u00fcye olacaks\u0131n\u0131z ve onayl\u0131 \u00fcyelerin avantajlar\u0131 neler? Bu sayfada t\u00fcm bu sorular\u0131n\u0131za yan\u0131t bulabilir ve hemen onayl\u0131 \u00fcye olmak i\u00e7in i\u015flemleri ba\u015flatabilirsiniz.<\/p>\n\n\n\n<h2 class=\"wp-block-heading\">S\u0131k\u00e7a Sorular Sorular<\/h2>\n\n\n<div class=\"uck-accordion \" id=\"oscitas-accordion-1\" itemscope itemtype=\"https:\/\/schema.org\/FAQPage\">        <div id=\"details-1-0\" class=\"uck-accordion--box\" itemscope itemprop=\"mainEntity\" itemtype=\"https:\/\/schema.org\/Question\">\r\n            <div class=\"uck-accordion--title\">\r\n              <div class=\"uck-accordion--toggle\" data-toggle=\"details-1-0\" data-parent=\"#oscitas-accordion-1\" itemprop=\"name\">Onayl\u0131 \u00dcyelik Fiyat\u0131 Ne Kadar?<\/div>\r\n            <\/div>\r\n            <div itemscope itemprop=\"acceptedAnswer\" itemtype=\"https:\/\/schema.org\/Answer\" class=\"uck-accordion--content\">\r\n              <div itemprop=\"text\" class=\"uck-accordion--body\"><\/p>\n<div>\n<p><strong>Lorem Ipsum<\/strong>, dizgi ve bask\u0131 end\u00fcstrisinde kullan\u0131lan m\u0131g\u0131r metinlerdir. Lorem Ipsum, ad\u0131 bilinmeyen bir matbaac\u0131n\u0131n bir hurufat numune kitab\u0131 olu\u015fturmak \u00fczere bir yaz\u0131 galerisini alarak kar\u0131\u015ft\u0131rd\u0131\u011f\u0131 1500&#8217;lerden beri end\u00fcstri standard\u0131 sahte metinler olarak kullan\u0131lm\u0131\u015ft\u0131r. Be\u015fy\u00fcz y\u0131l boyunca varl\u0131\u011f\u0131n\u0131 s\u00fcrd\u00fcrmekle kalmam\u0131\u015f, ayn\u0131 zamanda pek de\u011fi\u015fmeden elektronik dizgiye de s\u0131\u00e7ram\u0131\u015ft\u0131r. 1960&#8217;larda Lorem Ipsum pasajlar\u0131 da i\u00e7eren Letraset yapraklar\u0131n\u0131n yay\u0131nlanmas\u0131 ile ve yak\u0131n zamanda Aldus PageMaker gibi Lorem Ipsum s\u00fcr\u00fcmleri i\u00e7eren masa\u00fcst\u00fc yay\u0131nc\u0131l\u0131k yaz\u0131l\u0131mlar\u0131 ile pop\u00fcler olmu\u015ftur.<\/p>\n<\/div>\n<p>\n<\/div>\r\n            <\/div>\r\n        <\/div>        <div id=\"details-1-1\" class=\"uck-accordion--box\" itemscope itemprop=\"mainEntity\" itemtype=\"https:\/\/schema.org\/Question\">\r\n            <div class=\"uck-accordion--title\">\r\n              <div class=\"uck-accordion--toggle\" data-toggle=\"details-1-1\" data-parent=\"#oscitas-accordion-1\" itemprop=\"name\">Onayl\u0131 \u00dcyelik Avantajlar\u0131 Neler?<\/div>\r\n            <\/div>\r\n            <div itemscope itemprop=\"acceptedAnswer\" itemtype=\"https:\/\/schema.org\/Answer\" class=\"uck-accordion--content\">\r\n              <div itemprop=\"text\" class=\"uck-accordion--body\"><p> <strong>Lorem Ipsum<\/strong>, dizgi ve bask\u0131 end\u00fcstrisinde kullan\u0131lan m\u0131g\u0131r metinlerdir. Lorem Ipsum, ad\u0131 bilinmeyen bir matbaac\u0131n\u0131n bir hurufat numune kitab\u0131 olu\u015fturmak \u00fczere bir yaz\u0131 galerisini alarak kar\u0131\u015ft\u0131rd\u0131\u011f\u0131 1500&#8217;lerden beri end\u00fcstri standard\u0131 sahte metinler olarak kullan\u0131lm\u0131\u015ft\u0131r. Be\u015fy\u00fcz y\u0131l boyunca varl\u0131\u011f\u0131n\u0131 s\u00fcrd\u00fcrmekle kalmam\u0131\u015f, ayn\u0131 zamanda pek de\u011fi\u015fmeden elektronik dizgiye de s\u0131\u00e7ram\u0131\u015ft\u0131r. 1960&#8217;larda Lorem Ipsum pasajlar\u0131 da i\u00e7eren Letraset yapraklar\u0131n\u0131n yay\u0131nlanmas\u0131 ile ve yak\u0131n zamanda Aldus PageMaker gibi Lorem Ipsum s\u00fcr\u00fcmleri i\u00e7eren masa\u00fcst\u00fc yay\u0131nc\u0131l\u0131k yaz\u0131l\u0131mlar\u0131 ile pop\u00fcler olmu\u015ftur.<\/p>\n<ul>\n<li>Avantaj 1<\/li>\n<li>Avantaj 2<\/li>\n<li>Avantaj 3<\/li>\n<\/ul>\n<p>\n<\/div>\r\n            <\/div>\r\n        <\/div>        <div id=\"details-1-2\" class=\"uck-accordion--box\" itemscope itemprop=\"mainEntity\" itemtype=\"https:\/\/schema.org\/Question\">\r\n            <div class=\"uck-accordion--title\">\r\n              <div class=\"uck-accordion--toggle\" data-toggle=\"details-1-2\" data-parent=\"#oscitas-accordion-1\" itemprop=\"name\">Nas\u0131l Sat\u0131n Al\u0131r\u0131m?<\/div>\r\n            <\/div>\r\n            <div itemscope itemprop=\"acceptedAnswer\" itemtype=\"https:\/\/schema.org\/Answer\" class=\"uck-accordion--content\">\r\n              <div itemprop=\"text\" class=\"uck-accordion--body\"><p> A\u015fa\u011f\u0131daki iban adresine xx TL \u00f6deme yaparak onayl\u0131 \u00fcye olabilirsiniz.<\/p>\n<ul>\n<li>IBAN: TR2400062541742xxxxxxxxxxx<\/li>\n<li>Ad&nbsp; Soyad: Kan Themes<\/li>\n<li>Banka: xxx Bankas\u0131<\/li>\n<\/ul>\n<p>\n<\/div>\r\n            <\/div>\r\n        <\/div>        <div id=\"details-1-3\" class=\"uck-accordion--box\" itemscope itemprop=\"mainEntity\" itemtype=\"https:\/\/schema.org\/Question\">\r\n            <div class=\"uck-accordion--title\">\r\n              <div class=\"uck-accordion--toggle\" data-toggle=\"details-1-3\" data-parent=\"#oscitas-accordion-1\" itemprop=\"name\">\u00d6deme Bildirimi Yap<\/div>\r\n            <\/div>\r\n            <div itemscope itemprop=\"acceptedAnswer\" itemtype=\"https:\/\/schema.org\/Answer\" class=\"uck-accordion--content\">\r\n              <div itemprop=\"text\" class=\"uck-accordion--body\"><p> [contact-form-7 id=&#8221;600&#8243; title=&#8221;\u0130leti\u015fim formu 1&#8243;]<\/p>\n<\/div>\r\n            <\/div>\r\n        <\/div><\/div>\n\n\n<p><\/p>\n","protected":false},"excerpt":{"rendered":"<p>Onayl\u0131 \u00fcyelerimize \u00f6zel olarak haz\u0131rlad\u0131\u011f\u0131m\u0131z i\u00e7eriklerimize eri\u015febilmek i\u00e7in onayl\u0131 \u00fcye olmal\u0131s\u0131n\u0131z. Peki nas\u0131l onayl\u0131 \u00fcye olacaks\u0131n\u0131z ve onayl\u0131 \u00fcyelerin avantajlar\u0131 neler? Bu sayfada t\u00fcm bu&#46;&#46;&#46;<\/p>\n","protected":false},"author":1,"featured_media":0,"parent":0,"menu_order":0,"comment_status":"closed","ping_status":"closed","template":"temp\/template-full-width.php","meta":{"_bbp_topic_count":0,"_bbp_reply_count":0,"_bbp_total_topic_count":0,"_bbp_total_reply_count":0,"_bbp_voice_count":0,"_bbp_anonymous_reply_count":0,"_bbp_topic_count_hidden":0,"_bbp_reply_count_hidden":0,"_bbp_forum_subforum_count":0,"footnotes":""},"class_list":["post-599","page","type-page","status-publish","hentry"],"_links":{"self":[{"href":"https:\/\/demo.kanthemes.com.tr\/geoit\/wp-json\/wp\/v2\/pages\/599","targetHints":{"allow":["GET"]}}],"collection":[{"href":"https:\/\/demo.kanthemes.com.tr\/geoit\/wp-json\/wp\/v2\/pages"}],"about":[{"href":"https:\/\/demo.kanthemes.com.tr\/geoit\/wp-json\/wp\/v2\/types\/page"}],"author":[{"embeddable":true,"href":"https:\/\/demo.kanthemes.com.tr\/geoit\/wp-json\/wp\/v2\/users\/1"}],"replies":[{"embeddable":true,"href":"https:\/\/demo.kanthemes.com.tr\/geoit\/wp-json\/wp\/v2\/comments?post=599"}],"version-history":[{"count":0,"href":"https:\/\/demo.kanthemes.com.tr\/geoit\/wp-json\/wp\/v2\/pages\/599\/revisions"}],"wp:attachment":[{"href":"https:\/\/demo.kanthemes.com.tr\/geoit\/wp-json\/wp\/v2\/media?parent=599"}],"curies":[{"name":"wp","href":"https:\/\/api.w.org\/{rel}","templated":true}]}}